{"id":4121,"date":"2024-03-07T15:31:21","date_gmt":"2024-03-07T15:31:21","guid":{"rendered":"https:\/\/cafdn.org\/?page_id=4121"},"modified":"2025-05-06T13:12:46","modified_gmt":"2025-05-06T13:12:46","slug":"fondation-pour-laide-a-enfance-du-canada-accueil","status":"publish","type":"page","link":"https:\/\/cafdn.org\/fr\/","title":{"rendered":"Fondation Pour L&rsquo;Aide A Enfance Du Canada | Accueil"},"content":{"rendered":"","protected":false},"excerpt":{"rendered":"","protected":false},"author":3,"featured_media":0,"parent":0,"menu_order":0,"comment_status":"closed","ping_status":"closed","template":"page-templates\/home-page.php","meta":{"_acf_changed":false},"class_list":["post-4121","page","type-page","status-publish","hentry"],"acf":[],"yoast_head":"<!-- This site is optimized with the Yoast SEO plugin v26.5 - https:\/\/yoast.com\/wordpress\/plugins\/seo\/ -->\n<title>Fondation Pour L&#039;Aide A Enfance Du Canada | Accueil<\/title>\n<meta name=\"description\" content=\"Fondation Pour L&#039;Aide A Enfance du Canada - Aider les enfants et les jeunes pris en charge \u00e0 passer du stade de la survie \u00e0 celui de l&#039;\u00e9panouissement.\" \/>\n<meta name=\"robots\" content=\"index, follow, max-snippet:-1, max-image-preview:large, max-video-preview:-1\" \/>\n<link rel=\"canonical\" href=\"https:\/\/cafdn.org\/fr\/\" \/>\n<meta property=\"og:locale\" content=\"fr_FR\" \/>\n<meta property=\"og:type\" content=\"article\" \/>\n<meta property=\"og:title\" content=\"Fondation Pour L&#039;Aide A Enfance Du Canada | Accueil\" \/>\n<meta property=\"og:description\" content=\"Fondation Pour L&#039;Aide A Enfance du Canada - Aider les enfants et les jeunes pris en charge \u00e0 passer du stade de la survie \u00e0 celui de l&#039;\u00e9panouissement.\" \/>\n<meta property=\"og:url\" content=\"https:\/\/cafdn.org\/fr\/\" \/>\n<meta property=\"og:site_name\" content=\"cafdn\" \/>\n<meta property=\"article:modified_time\" content=\"2025-05-06T13:12:46+00:00\" \/>\n<meta name=\"twitter:card\" content=\"summary_large_image\" \/>\n<script type=\"application\/ld+json\" class=\"yoast-schema-graph\">{\"@context\":\"https:\/\/schema.org\",\"@graph\":[{\"@type\":\"WebPage\",\"@id\":\"https:\/\/cafdn.org\/fr\/\",\"url\":\"https:\/\/cafdn.org\/fr\/\",\"name\":\"Fondation Pour L'Aide A Enfance Du Canada | Accueil\",\"isPartOf\":{\"@id\":\"https:\/\/cafdn.org\/fr\/#website\"},\"datePublished\":\"2024-03-07T15:31:21+00:00\",\"dateModified\":\"2025-05-06T13:12:46+00:00\",\"description\":\"Fondation Pour L'Aide A Enfance du Canada - Aider les enfants et les jeunes pris en charge \u00e0 passer du stade de la survie \u00e0 celui de l'\u00e9panouissement.\",\"breadcrumb\":{\"@id\":\"https:\/\/cafdn.org\/fr\/#breadcrumb\"},\"inLanguage\":\"fr-FR\",\"potentialAction\":[{\"@type\":\"ReadAction\",\"target\":[\"https:\/\/cafdn.org\/fr\/\"]}]},{\"@type\":\"BreadcrumbList\",\"@id\":\"https:\/\/cafdn.org\/fr\/#breadcrumb\",\"itemListElement\":[{\"@type\":\"ListItem\",\"position\":1,\"name\":\"Accueil\",\"item\":\"https:\/\/cafdn.org\/fr\/\"},{\"@type\":\"ListItem\",\"position\":2,\"name\":\"Fondation Pour L&#8217;Aide A Enfance Du Canada | Accueil\"}]},{\"@type\":\"WebSite\",\"@id\":\"https:\/\/cafdn.org\/fr\/#website\",\"url\":\"https:\/\/cafdn.org\/fr\/\",\"name\":\"cafdn\",\"description\":\"cafdn\",\"potentialAction\":[{\"@type\":\"SearchAction\",\"target\":{\"@type\":\"EntryPoint\",\"urlTemplate\":\"https:\/\/cafdn.org\/fr\/?s={search_term_string}\"},\"query-input\":{\"@type\":\"PropertyValueSpecification\",\"valueRequired\":true,\"valueName\":\"search_term_string\"}}],\"inLanguage\":\"fr-FR\"}]}<\/script>\n<!-- \/ Yoast SEO plugin. -->","yoast_head_json":{"title":"Fondation Pour L'Aide A Enfance Du Canada | Accueil","description":"Fondation Pour L'Aide A Enfance du Canada - Aider les enfants et les jeunes pris en charge \u00e0 passer du stade de la survie \u00e0 celui de l'\u00e9panouissement.","robots":{"index":"index","follow":"follow","max-snippet":"max-snippet:-1","max-image-preview":"max-image-preview:large","max-video-preview":"max-video-preview:-1"},"canonical":"https:\/\/cafdn.org\/fr\/","og_locale":"fr_FR","og_type":"article","og_title":"Fondation Pour L'Aide A Enfance Du Canada | Accueil","og_description":"Fondation Pour L'Aide A Enfance du Canada - Aider les enfants et les jeunes pris en charge \u00e0 passer du stade de la survie \u00e0 celui de l'\u00e9panouissement.","og_url":"https:\/\/cafdn.org\/fr\/","og_site_name":"cafdn","article_modified_time":"2025-05-06T13:12:46+00:00","twitter_card":"summary_large_image","schema":{"@context":"https:\/\/schema.org","@graph":[{"@type":"WebPage","@id":"https:\/\/cafdn.org\/fr\/","url":"https:\/\/cafdn.org\/fr\/","name":"Fondation Pour L'Aide A Enfance Du Canada | Accueil","isPartOf":{"@id":"https:\/\/cafdn.org\/fr\/#website"},"datePublished":"2024-03-07T15:31:21+00:00","dateModified":"2025-05-06T13:12:46+00:00","description":"Fondation Pour L'Aide A Enfance du Canada - Aider les enfants et les jeunes pris en charge \u00e0 passer du stade de la survie \u00e0 celui de l'\u00e9panouissement.","breadcrumb":{"@id":"https:\/\/cafdn.org\/fr\/#breadcrumb"},"inLanguage":"fr-FR","potentialAction":[{"@type":"ReadAction","target":["https:\/\/cafdn.org\/fr\/"]}]},{"@type":"BreadcrumbList","@id":"https:\/\/cafdn.org\/fr\/#breadcrumb","itemListElement":[{"@type":"ListItem","position":1,"name":"Accueil","item":"https:\/\/cafdn.org\/fr\/"},{"@type":"ListItem","position":2,"name":"Fondation Pour L&#8217;Aide A Enfance Du Canada | Accueil"}]},{"@type":"WebSite","@id":"https:\/\/cafdn.org\/fr\/#website","url":"https:\/\/cafdn.org\/fr\/","name":"cafdn","description":"cafdn","potentialAction":[{"@type":"SearchAction","target":{"@type":"EntryPoint","urlTemplate":"https:\/\/cafdn.org\/fr\/?s={search_term_string}"},"query-input":{"@type":"PropertyValueSpecification","valueRequired":true,"valueName":"search_term_string"}}],"inLanguage":"fr-FR"}]}},"_links":{"self":[{"href":"https:\/\/cafdn.org\/fr\/wp-json\/wp\/v2\/pages\/4121","targetHints":{"allow":["GET"]}}],"collection":[{"href":"https:\/\/cafdn.org\/fr\/wp-json\/wp\/v2\/pages"}],"about":[{"href":"https:\/\/cafdn.org\/fr\/wp-json\/wp\/v2\/types\/page"}],"author":[{"embeddable":true,"href":"https:\/\/cafdn.org\/fr\/wp-json\/wp\/v2\/users\/3"}],"replies":[{"embeddable":true,"href":"https:\/\/cafdn.org\/fr\/wp-json\/wp\/v2\/comments?post=4121"}],"version-history":[{"count":0,"href":"https:\/\/cafdn.org\/fr\/wp-json\/wp\/v2\/pages\/4121\/revisions"}],"wp:attachment":[{"href":"https:\/\/cafdn.org\/fr\/wp-json\/wp\/v2\/media?parent=4121"}],"curies":[{"name":"wp","href":"https:\/\/api.w.org\/{rel}","templated":true}]}}