{"id":2073,"date":"2022-06-21T16:20:59","date_gmt":"2022-06-21T16:20:59","guid":{"rendered":"https:\/\/cafdn.org\/?page_id=2073"},"modified":"2024-03-18T20:56:32","modified_gmt":"2024-03-18T20:56:32","slug":"programme-stay-in-school","status":"publish","type":"page","link":"https:\/\/cafdn.org\/fr\/votre-impact\/programmes-et-fonds\/programme-stay-in-school\/","title":{"rendered":"Programme Stay in School"},"content":{"rendered":"","protected":false},"excerpt":{"rendered":"","protected":false},"author":1,"featured_media":0,"parent":2057,"menu_order":0,"comment_status":"closed","ping_status":"closed","template":"","meta":{"_acf_changed":false},"class_list":["post-2073","page","type-page","status-publish","hentry"],"acf":[],"yoast_head":"<!-- This site is optimized with the Yoast SEO plugin v26.5 - https:\/\/yoast.com\/wordpress\/plugins\/seo\/ -->\n<title>Programme Stay in School - cafdn<\/title>\n<meta name=\"description\" content=\"Le programme Stay in School reconna\u00eet les \u00e9l\u00e8ves du primaire et du secondaire qui r\u00e9ussissent exceptionnellement bien \u00e0 l&#039;\u00e9cole compte tenu de leur situation personnelle extr\u00eamement difficile.\" \/>\n<meta name=\"robots\" content=\"index, follow, max-snippet:-1, max-image-preview:large, max-video-preview:-1\" \/>\n<link rel=\"canonical\" href=\"https:\/\/cafdn.org\/fr\/votre-impact\/programmes-et-fonds\/programme-stay-in-school\/\" \/>\n<meta property=\"og:locale\" content=\"fr_FR\" \/>\n<meta property=\"og:type\" content=\"article\" \/>\n<meta property=\"og:title\" content=\"Programme Stay in School - cafdn\" \/>\n<meta property=\"og:description\" content=\"Le programme Stay in School reconna\u00eet les \u00e9l\u00e8ves du primaire et du secondaire qui r\u00e9ussissent exceptionnellement bien \u00e0 l&#039;\u00e9cole compte tenu de leur situation personnelle extr\u00eamement difficile.\" \/>\n<meta property=\"og:url\" content=\"https:\/\/cafdn.org\/fr\/votre-impact\/programmes-et-fonds\/programme-stay-in-school\/\" \/>\n<meta property=\"og:site_name\" content=\"cafdn\" \/>\n<meta property=\"article:modified_time\" content=\"2024-03-18T20:56:32+00:00\" \/>\n<meta name=\"twitter:card\" content=\"summary_large_image\" \/>\n<script type=\"application\/ld+json\" class=\"yoast-schema-graph\">{\"@context\":\"https:\/\/schema.org\",\"@graph\":[{\"@type\":\"WebPage\",\"@id\":\"https:\/\/cafdn.org\/fr\/votre-impact\/programmes-et-fonds\/programme-stay-in-school\/\",\"url\":\"https:\/\/cafdn.org\/fr\/votre-impact\/programmes-et-fonds\/programme-stay-in-school\/\",\"name\":\"Programme Stay in School - cafdn\",\"isPartOf\":{\"@id\":\"https:\/\/cafdn.org\/fr\/#website\"},\"datePublished\":\"2022-06-21T16:20:59+00:00\",\"dateModified\":\"2024-03-18T20:56:32+00:00\",\"description\":\"Le programme Stay in School reconna\u00eet les \u00e9l\u00e8ves du primaire et du secondaire qui r\u00e9ussissent exceptionnellement bien \u00e0 l'\u00e9cole compte tenu de leur situation personnelle extr\u00eamement difficile.\",\"breadcrumb\":{\"@id\":\"https:\/\/cafdn.org\/fr\/votre-impact\/programmes-et-fonds\/programme-stay-in-school\/#breadcrumb\"},\"inLanguage\":\"fr-FR\",\"potentialAction\":[{\"@type\":\"ReadAction\",\"target\":[\"https:\/\/cafdn.org\/fr\/votre-impact\/programmes-et-fonds\/programme-stay-in-school\/\"]}]},{\"@type\":\"BreadcrumbList\",\"@id\":\"https:\/\/cafdn.org\/fr\/votre-impact\/programmes-et-fonds\/programme-stay-in-school\/#breadcrumb\",\"itemListElement\":[{\"@type\":\"ListItem\",\"position\":1,\"name\":\"Accueil\",\"item\":\"https:\/\/cafdn.org\/fr\/\"},{\"@type\":\"ListItem\",\"position\":2,\"name\":\"Votre impact\",\"item\":\"https:\/\/cafdn.org\/fr\/votre-impact\/\"},{\"@type\":\"ListItem\",\"position\":3,\"name\":\"Programmes et fonds\",\"item\":\"https:\/\/cafdn.org\/fr\/votre-impact\/programmes-et-fonds\/\"},{\"@type\":\"ListItem\",\"position\":4,\"name\":\"Programme Stay in School\"}]},{\"@type\":\"WebSite\",\"@id\":\"https:\/\/cafdn.org\/fr\/#website\",\"url\":\"https:\/\/cafdn.org\/fr\/\",\"name\":\"cafdn\",\"description\":\"cafdn\",\"potentialAction\":[{\"@type\":\"SearchAction\",\"target\":{\"@type\":\"EntryPoint\",\"urlTemplate\":\"https:\/\/cafdn.org\/fr\/?s={search_term_string}\"},\"query-input\":{\"@type\":\"PropertyValueSpecification\",\"valueRequired\":true,\"valueName\":\"search_term_string\"}}],\"inLanguage\":\"fr-FR\"}]}<\/script>\n<!-- \/ Yoast SEO plugin. -->","yoast_head_json":{"title":"Programme Stay in School - cafdn","description":"Le programme Stay in School reconna\u00eet les \u00e9l\u00e8ves du primaire et du secondaire qui r\u00e9ussissent exceptionnellement bien \u00e0 l'\u00e9cole compte tenu de leur situation personnelle extr\u00eamement difficile.","robots":{"index":"index","follow":"follow","max-snippet":"max-snippet:-1","max-image-preview":"max-image-preview:large","max-video-preview":"max-video-preview:-1"},"canonical":"https:\/\/cafdn.org\/fr\/votre-impact\/programmes-et-fonds\/programme-stay-in-school\/","og_locale":"fr_FR","og_type":"article","og_title":"Programme Stay in School - cafdn","og_description":"Le programme Stay in School reconna\u00eet les \u00e9l\u00e8ves du primaire et du secondaire qui r\u00e9ussissent exceptionnellement bien \u00e0 l'\u00e9cole compte tenu de leur situation personnelle extr\u00eamement difficile.","og_url":"https:\/\/cafdn.org\/fr\/votre-impact\/programmes-et-fonds\/programme-stay-in-school\/","og_site_name":"cafdn","article_modified_time":"2024-03-18T20:56:32+00:00","twitter_card":"summary_large_image","schema":{"@context":"https:\/\/schema.org","@graph":[{"@type":"WebPage","@id":"https:\/\/cafdn.org\/fr\/votre-impact\/programmes-et-fonds\/programme-stay-in-school\/","url":"https:\/\/cafdn.org\/fr\/votre-impact\/programmes-et-fonds\/programme-stay-in-school\/","name":"Programme Stay in School - cafdn","isPartOf":{"@id":"https:\/\/cafdn.org\/fr\/#website"},"datePublished":"2022-06-21T16:20:59+00:00","dateModified":"2024-03-18T20:56:32+00:00","description":"Le programme Stay in School reconna\u00eet les \u00e9l\u00e8ves du primaire et du secondaire qui r\u00e9ussissent exceptionnellement bien \u00e0 l'\u00e9cole compte tenu de leur situation personnelle extr\u00eamement difficile.","breadcrumb":{"@id":"https:\/\/cafdn.org\/fr\/votre-impact\/programmes-et-fonds\/programme-stay-in-school\/#breadcrumb"},"inLanguage":"fr-FR","potentialAction":[{"@type":"ReadAction","target":["https:\/\/cafdn.org\/fr\/votre-impact\/programmes-et-fonds\/programme-stay-in-school\/"]}]},{"@type":"BreadcrumbList","@id":"https:\/\/cafdn.org\/fr\/votre-impact\/programmes-et-fonds\/programme-stay-in-school\/#breadcrumb","itemListElement":[{"@type":"ListItem","position":1,"name":"Accueil","item":"https:\/\/cafdn.org\/fr\/"},{"@type":"ListItem","position":2,"name":"Votre impact","item":"https:\/\/cafdn.org\/fr\/votre-impact\/"},{"@type":"ListItem","position":3,"name":"Programmes et fonds","item":"https:\/\/cafdn.org\/fr\/votre-impact\/programmes-et-fonds\/"},{"@type":"ListItem","position":4,"name":"Programme Stay in School"}]},{"@type":"WebSite","@id":"https:\/\/cafdn.org\/fr\/#website","url":"https:\/\/cafdn.org\/fr\/","name":"cafdn","description":"cafdn","potentialAction":[{"@type":"SearchAction","target":{"@type":"EntryPoint","urlTemplate":"https:\/\/cafdn.org\/fr\/?s={search_term_string}"},"query-input":{"@type":"PropertyValueSpecification","valueRequired":true,"valueName":"search_term_string"}}],"inLanguage":"fr-FR"}]}},"_links":{"self":[{"href":"https:\/\/cafdn.org\/fr\/wp-json\/wp\/v2\/pages\/2073","targetHints":{"allow":["GET"]}}],"collection":[{"href":"https:\/\/cafdn.org\/fr\/wp-json\/wp\/v2\/pages"}],"about":[{"href":"https:\/\/cafdn.org\/fr\/wp-json\/wp\/v2\/types\/page"}],"author":[{"embeddable":true,"href":"https:\/\/cafdn.org\/fr\/wp-json\/wp\/v2\/users\/1"}],"replies":[{"embeddable":true,"href":"https:\/\/cafdn.org\/fr\/wp-json\/wp\/v2\/comments?post=2073"}],"version-history":[{"count":0,"href":"https:\/\/cafdn.org\/fr\/wp-json\/wp\/v2\/pages\/2073\/revisions"}],"up":[{"embeddable":true,"href":"https:\/\/cafdn.org\/fr\/wp-json\/wp\/v2\/pages\/2057"}],"wp:attachment":[{"href":"https:\/\/cafdn.org\/fr\/wp-json\/wp\/v2\/media?parent=2073"}],"curies":[{"name":"wp","href":"https:\/\/api.w.org\/{rel}","templated":true}]}}